{"id":274,"date":"2020-12-01T08:29:37","date_gmt":"2020-12-01T08:29:37","guid":{"rendered":"https:\/\/www.salvatoretroiano.it\/shop\/?post_type=product&#038;p=274"},"modified":"2020-12-01T09:15:07","modified_gmt":"2020-12-01T09:15:07","slug":"la-prudenza-vpr50","status":"publish","type":"product","link":"https:\/\/www.salvatoretroiano.it\/shop\/opera\/la-prudenza-vpr50\/","title":{"rendered":"La prudenza. Vpr50"},"content":{"rendered":"","protected":false},"excerpt":{"rendered":"<p>virtue <span class=\"Apple-converted-space\">\u00a0 \u00a0 <\/span><b>Vpr50<\/b><\/p>\n<p>h 26 x 12x 12<\/p>\n<p>La virt\u00f9 \u00e8 il mezzo per conseguire la felicit\u00e0, \u00e8 lo strumento che consente di attuare pienamente se stessi.<\/p>\n<p>Si tratta di una disposizione costante, di un\u2019abitudine ad<span class=\"Apple-converted-space\">\u00a0 <\/span>agire in conformit\u00e0 alla propria natura.<\/p>\n<p>Poich\u00e9<span class=\"Apple-converted-space\">\u00a0 <\/span>vi sono diversi tipi di anima, perci\u00f2 diverse funzionalit\u00e0 da attuare,<span class=\"Apple-converted-space\">\u00a0 <\/span>la virt\u00f9 non pu\u00f2 essere unica, ma ci saranno diverse virt\u00f9 a seconda della diversa attivit\u00e0 dell\u2019anima.<\/p>\n<p style=\"text-align: right;\"><span class=\"Apple-converted-space\">\u00a0\u00a0 \u00a0 \u00a0 \u00a0 \u00a0 \u00a0 \u00a0 \u00a0 \u00a0 \u00a0 \u00a0 \u00a0 \u00a0 \u00a0 \u00a0 \u00a0 \u00a0 \u00a0 \u00a0 \u00a0 \u00a0 \u00a0 \u00a0 \u00a0 \u00a0 \u00a0 \u00a0 \u00a0 \u00a0 \u00a0 \u00a0 \u00a0 \u00a0 \u00a0 \u00a0 \u00a0 \u00a0 \u00a0 \u00a0 \u00a0 \u00a0 \u00a0 \u00a0 \u00a0 \u00a0 \u00a0 \u00a0 \u00a0 \u00a0 \u00a0 \u00a0 \u00a0 \u00a0 \u00a0 \u00a0 \u00a0 \u00a0 \u00a0 \u00a0 \u00a0 \u00a0 <\/span>Aristotele<\/p>\n<p>Virtus \u00e8 un istallazione composta<span class=\"Apple-converted-space\">\u00a0 <\/span>da sette<span class=\"Apple-converted-space\">\u00a0 <\/span>sculture in ceramica smaltata ispirate alle virt\u00f9.<\/p>\n<p>Sette aspetti del pulcinella che con le sue molteplici forme riesce a generare composizioni diverse a seconda delle disposizioni.<\/p>\n<p>Rappresentano<span class=\"Apple-converted-space\">\u00a0 <\/span>l\u2019accoglienza, la pazienza, l\u2019ozio ,<b>la prudenza<\/b>, la curiosit\u00e0 ,il silenzio,<span class=\"Apple-converted-space\">\u00a0<\/span>il disappunto.<\/p>\n","protected":false},"featured_media":275,"template":"","meta":[],"product_cat":[24,32],"product_tag":[],"class_list":{"0":"post-274","1":"product","2":"type-product","3":"status-publish","4":"has-post-thumbnail","6":"product_cat-pulcinella","7":"product_cat-tutti","9":"first","10":"instock","11":"taxable","12":"shipping-taxable","13":"purchasable","14":"product-type-simple","15":"col-xs-6 col-sm-4","16":"col-md-3 col-lg-3","17":"un-4-cols"},"yoast_head":"<!-- This site is optimized with the Yoast SEO plugin v27.4 - https:\/\/yoast.com\/product\/yoast-seo-wordpress\/ -->\n<title>La prudenza. Vpr50 - Shop Salvatore Troiano<\/title>\n<meta name=\"description\" content=\"Pulcinella in ceramica smaltata di bianco rappresentante la prudenza. Una delle sette sculture da collezionare ispirate alle virt\u00f9.\" \/>\n<meta name=\"robots\" content=\"index, follow, max-snippet:-1, max-image-preview:large, max-video-preview:-1\" \/>\n<link rel=\"canonical\" href=\"https:\/\/www.salvatoretroiano.it\/shop\/opera\/la-prudenza-vpr50\/\" \/>\n<meta property=\"og:locale\" content=\"it_IT\" \/>\n<meta property=\"og:type\" content=\"article\" \/>\n<meta property=\"og:title\" content=\"La prudenza. Vpr50 - Shop Salvatore Troiano\" \/>\n<meta property=\"og:description\" content=\"Pulcinella in ceramica smaltata di bianco rappresentante la prudenza. Una delle sette sculture da collezionare ispirate alle virt\u00f9.\" \/>\n<meta property=\"og:url\" content=\"https:\/\/www.salvatoretroiano.it\/shop\/opera\/la-prudenza-vpr50\/\" \/>\n<meta property=\"og:site_name\" content=\"Shop Salvatore Troiano\" \/>\n<meta property=\"article:modified_time\" content=\"2020-12-01T09:15:07+00:00\" \/>\n<meta property=\"og:image\" content=\"https:\/\/www.salvatoretroiano.it\/shop\/wp-content\/uploads\/2020\/12\/prudenza-3.png\" \/>\n\t<meta property=\"og:image:width\" content=\"489\" \/>\n\t<meta property=\"og:image:height\" content=\"652\" \/>\n\t<meta property=\"og:image:type\" content=\"image\/png\" \/>\n<meta name=\"twitter:card\" content=\"summary_large_image\" \/>\n<script type=\"application\/ld+json\" class=\"yoast-schema-graph\">{\"@context\":\"https:\\\/\\\/schema.org\",\"@graph\":[{\"@type\":\"WebPage\",\"@id\":\"https:\\\/\\\/www.salvatoretroiano.it\\\/shop\\\/opera\\\/la-prudenza-vpr50\\\/\",\"url\":\"https:\\\/\\\/www.salvatoretroiano.it\\\/shop\\\/opera\\\/la-prudenza-vpr50\\\/\",\"name\":\"La prudenza. Vpr50 - Shop Salvatore Troiano\",\"isPartOf\":{\"@id\":\"https:\\\/\\\/www.salvatoretroiano.it\\\/shop\\\/#website\"},\"primaryImageOfPage\":{\"@id\":\"https:\\\/\\\/www.salvatoretroiano.it\\\/shop\\\/opera\\\/la-prudenza-vpr50\\\/#primaryimage\"},\"image\":{\"@id\":\"https:\\\/\\\/www.salvatoretroiano.it\\\/shop\\\/opera\\\/la-prudenza-vpr50\\\/#primaryimage\"},\"thumbnailUrl\":\"https:\\\/\\\/i0.wp.com\\\/www.salvatoretroiano.it\\\/shop\\\/wp-content\\\/uploads\\\/2020\\\/12\\\/prudenza-3.png?fit=489%2C652&ssl=1\",\"datePublished\":\"2020-12-01T08:29:37+00:00\",\"dateModified\":\"2020-12-01T09:15:07+00:00\",\"description\":\"Pulcinella in ceramica smaltata di bianco rappresentante la prudenza. Una delle sette sculture da collezionare ispirate alle virt\u00f9.\",\"breadcrumb\":{\"@id\":\"https:\\\/\\\/www.salvatoretroiano.it\\\/shop\\\/opera\\\/la-prudenza-vpr50\\\/#breadcrumb\"},\"inLanguage\":\"it-IT\",\"potentialAction\":[{\"@type\":\"ReadAction\",\"target\":[\"https:\\\/\\\/www.salvatoretroiano.it\\\/shop\\\/opera\\\/la-prudenza-vpr50\\\/\"]}]},{\"@type\":\"ImageObject\",\"inLanguage\":\"it-IT\",\"@id\":\"https:\\\/\\\/www.salvatoretroiano.it\\\/shop\\\/opera\\\/la-prudenza-vpr50\\\/#primaryimage\",\"url\":\"https:\\\/\\\/i0.wp.com\\\/www.salvatoretroiano.it\\\/shop\\\/wp-content\\\/uploads\\\/2020\\\/12\\\/prudenza-3.png?fit=489%2C652&ssl=1\",\"contentUrl\":\"https:\\\/\\\/i0.wp.com\\\/www.salvatoretroiano.it\\\/shop\\\/wp-content\\\/uploads\\\/2020\\\/12\\\/prudenza-3.png?fit=489%2C652&ssl=1\",\"width\":489,\"height\":652},{\"@type\":\"BreadcrumbList\",\"@id\":\"https:\\\/\\\/www.salvatoretroiano.it\\\/shop\\\/opera\\\/la-prudenza-vpr50\\\/#breadcrumb\",\"itemListElement\":[{\"@type\":\"ListItem\",\"position\":1,\"name\":\"Home\",\"item\":\"https:\\\/\\\/www.salvatoretroiano.it\\\/shop\\\/\"},{\"@type\":\"ListItem\",\"position\":2,\"name\":\"Shop\",\"item\":\"https:\\\/\\\/www.salvatoretroiano.it\\\/shop\\\/\"},{\"@type\":\"ListItem\",\"position\":3,\"name\":\"La prudenza. Vpr50\"}]},{\"@type\":\"WebSite\",\"@id\":\"https:\\\/\\\/www.salvatoretroiano.it\\\/shop\\\/#website\",\"url\":\"https:\\\/\\\/www.salvatoretroiano.it\\\/shop\\\/\",\"name\":\"Shop Salvatore Troiano\",\"description\":\"artista Salvatore Troiano\",\"potentialAction\":[{\"@type\":\"SearchAction\",\"target\":{\"@type\":\"EntryPoint\",\"urlTemplate\":\"https:\\\/\\\/www.salvatoretroiano.it\\\/shop\\\/?s={search_term_string}\"},\"query-input\":{\"@type\":\"PropertyValueSpecification\",\"valueRequired\":true,\"valueName\":\"search_term_string\"}}],\"inLanguage\":\"it-IT\"}]}<\/script>\n<!-- \/ Yoast SEO plugin. -->","yoast_head_json":{"title":"La prudenza. Vpr50 - Shop Salvatore Troiano","description":"Pulcinella in ceramica smaltata di bianco rappresentante la prudenza. Una delle sette sculture da collezionare ispirate alle virt\u00f9.","robots":{"index":"index","follow":"follow","max-snippet":"max-snippet:-1","max-image-preview":"max-image-preview:large","max-video-preview":"max-video-preview:-1"},"canonical":"https:\/\/www.salvatoretroiano.it\/shop\/opera\/la-prudenza-vpr50\/","og_locale":"it_IT","og_type":"article","og_title":"La prudenza. Vpr50 - Shop Salvatore Troiano","og_description":"Pulcinella in ceramica smaltata di bianco rappresentante la prudenza. Una delle sette sculture da collezionare ispirate alle virt\u00f9.","og_url":"https:\/\/www.salvatoretroiano.it\/shop\/opera\/la-prudenza-vpr50\/","og_site_name":"Shop Salvatore Troiano","article_modified_time":"2020-12-01T09:15:07+00:00","og_image":[{"width":489,"height":652,"url":"https:\/\/www.salvatoretroiano.it\/shop\/wp-content\/uploads\/2020\/12\/prudenza-3.png","type":"image\/png"}],"twitter_card":"summary_large_image","schema":{"@context":"https:\/\/schema.org","@graph":[{"@type":"WebPage","@id":"https:\/\/www.salvatoretroiano.it\/shop\/opera\/la-prudenza-vpr50\/","url":"https:\/\/www.salvatoretroiano.it\/shop\/opera\/la-prudenza-vpr50\/","name":"La prudenza. Vpr50 - Shop Salvatore Troiano","isPartOf":{"@id":"https:\/\/www.salvatoretroiano.it\/shop\/#website"},"primaryImageOfPage":{"@id":"https:\/\/www.salvatoretroiano.it\/shop\/opera\/la-prudenza-vpr50\/#primaryimage"},"image":{"@id":"https:\/\/www.salvatoretroiano.it\/shop\/opera\/la-prudenza-vpr50\/#primaryimage"},"thumbnailUrl":"https:\/\/i0.wp.com\/www.salvatoretroiano.it\/shop\/wp-content\/uploads\/2020\/12\/prudenza-3.png?fit=489%2C652&ssl=1","datePublished":"2020-12-01T08:29:37+00:00","dateModified":"2020-12-01T09:15:07+00:00","description":"Pulcinella in ceramica smaltata di bianco rappresentante la prudenza. Una delle sette sculture da collezionare ispirate alle virt\u00f9.","breadcrumb":{"@id":"https:\/\/www.salvatoretroiano.it\/shop\/opera\/la-prudenza-vpr50\/#breadcrumb"},"inLanguage":"it-IT","potentialAction":[{"@type":"ReadAction","target":["https:\/\/www.salvatoretroiano.it\/shop\/opera\/la-prudenza-vpr50\/"]}]},{"@type":"ImageObject","inLanguage":"it-IT","@id":"https:\/\/www.salvatoretroiano.it\/shop\/opera\/la-prudenza-vpr50\/#primaryimage","url":"https:\/\/i0.wp.com\/www.salvatoretroiano.it\/shop\/wp-content\/uploads\/2020\/12\/prudenza-3.png?fit=489%2C652&ssl=1","contentUrl":"https:\/\/i0.wp.com\/www.salvatoretroiano.it\/shop\/wp-content\/uploads\/2020\/12\/prudenza-3.png?fit=489%2C652&ssl=1","width":489,"height":652},{"@type":"BreadcrumbList","@id":"https:\/\/www.salvatoretroiano.it\/shop\/opera\/la-prudenza-vpr50\/#breadcrumb","itemListElement":[{"@type":"ListItem","position":1,"name":"Home","item":"https:\/\/www.salvatoretroiano.it\/shop\/"},{"@type":"ListItem","position":2,"name":"Shop","item":"https:\/\/www.salvatoretroiano.it\/shop\/"},{"@type":"ListItem","position":3,"name":"La prudenza. Vpr50"}]},{"@type":"WebSite","@id":"https:\/\/www.salvatoretroiano.it\/shop\/#website","url":"https:\/\/www.salvatoretroiano.it\/shop\/","name":"Shop Salvatore Troiano","description":"artista Salvatore Troiano","potentialAction":[{"@type":"SearchAction","target":{"@type":"EntryPoint","urlTemplate":"https:\/\/www.salvatoretroiano.it\/shop\/?s={search_term_string}"},"query-input":{"@type":"PropertyValueSpecification","valueRequired":true,"valueName":"search_term_string"}}],"inLanguage":"it-IT"}]}},"jetpack_sharing_enabled":true,"_links":{"self":[{"href":"https:\/\/www.salvatoretroiano.it\/shop\/wp-json\/wp\/v2\/product\/274","targetHints":{"allow":["GET"]}}],"collection":[{"href":"https:\/\/www.salvatoretroiano.it\/shop\/wp-json\/wp\/v2\/product"}],"about":[{"href":"https:\/\/www.salvatoretroiano.it\/shop\/wp-json\/wp\/v2\/types\/product"}],"wp:featuredmedia":[{"embeddable":true,"href":"https:\/\/www.salvatoretroiano.it\/shop\/wp-json\/wp\/v2\/media\/275"}],"wp:attachment":[{"href":"https:\/\/www.salvatoretroiano.it\/shop\/wp-json\/wp\/v2\/media?parent=274"}],"wp:term":[{"taxonomy":"product_cat","embeddable":true,"href":"https:\/\/www.salvatoretroiano.it\/shop\/wp-json\/wp\/v2\/product_cat?post=274"},{"taxonomy":"product_tag","embeddable":true,"href":"https:\/\/www.salvatoretroiano.it\/shop\/wp-json\/wp\/v2\/product_tag?post=274"}],"curies":[{"name":"wp","href":"https:\/\/api.w.org\/{rel}","templated":true}]}}